{"id":83,"date":"2025-02-16T10:04:33","date_gmt":"2025-02-16T10:04:33","guid":{"rendered":"https:\/\/sob.kiwanis.be\/?page_id=83"},"modified":"2025-03-22T09:30:02","modified_gmt":"2025-03-22T09:30:02","slug":"kortrijk-2025","status":"publish","type":"page","link":"https:\/\/sob.kiwanis.be\/index.php\/kortrijk-2025\/","title":{"rendered":"Kortrijk 2025"},"content":{"rendered":"\t\t<div data-elementor-type=\"wp-page\" data-elementor-id=\"83\" class=\"elementor elementor-83\" data-elementor-post-type=\"page\">\n\t\t\t\t\t\t<section class=\"elementor-section elementor-top-section elementor-element elementor-element-cc786de elementor-section-boxed elementor-section-height-default elementor-section-height-default\" data-id=\"cc786de\" data-element_type=\"section\" data-e-type=\"section\">\n\t\t\t\t\t\t<div class=\"elementor-container elementor-column-gap-default\">\n\t\t\t\t\t<div class=\"elementor-column elementor-col-50 elementor-top-column elementor-element elementor-element-2d74e06\" data-id=\"2d74e06\" data-element_type=\"column\" data-e-type=\"column\">\n\t\t\t<div class=\"elementor-widget-wrap elementor-element-populated\">\n\t\t\t\t\t\t<div class=\"elementor-element elementor-element-c09f056 elementor-widget elementor-widget-text-editor\" data-id=\"c09f056\" data-element_type=\"widget\" data-e-type=\"widget\" data-widget_type=\"text-editor.default\">\n\t\t\t\t<div class=\"elementor-widget-container\">\n\t\t\t\t\t\t\t\t\t<p>Les Jeux nationaux SOB se d\u00e9rouleront \u00e0 Courtrai du 28 mai (c\u00e9r\u00e9monie d&#8217;ouverture) au 31 mai 2025.<\/p><p>De Nationale Spelen SOB hebben plaats te Kortrijk van 28 mei (Openingsceremonie)to en met 31 mei 2025.<\/p>\t\t\t\t\t\t\t\t<\/div>\n\t\t\t\t<\/div>\n\t\t\t\t\t<\/div>\n\t\t<\/div>\n\t\t\t\t<div class=\"elementor-column elementor-col-50 elementor-top-column elementor-element elementor-element-9a391ee\" data-id=\"9a391ee\" data-element_type=\"column\" data-e-type=\"column\">\n\t\t\t<div class=\"elementor-widget-wrap elementor-element-populated\">\n\t\t\t\t\t\t<div class=\"elementor-element elementor-element-be15380 elementor-countdown--label-block elementor-widget elementor-widget-countdown\" data-id=\"be15380\" data-element_type=\"widget\" data-e-type=\"widget\" data-widget_type=\"countdown.default\">\n\t\t\t\t<div class=\"elementor-widget-container\">\n\t\t\t\t\t\t\t<div class=\"elementor-countdown-wrapper\" data-date=\"1748460600\">\n\t\t\t<div class=\"elementor-countdown-item\"><span class=\"elementor-countdown-digits elementor-countdown-days\"><\/span> <span class=\"elementor-countdown-label\">Days<\/span><\/div><div class=\"elementor-countdown-item\"><span class=\"elementor-countdown-digits elementor-countdown-hours\"><\/span> <span class=\"elementor-countdown-label\">Hours<\/span><\/div><div class=\"elementor-countdown-item\"><span class=\"elementor-countdown-digits elementor-countdown-minutes\"><\/span> <span class=\"elementor-countdown-label\">Minutes<\/span><\/div><div class=\"elementor-countdown-item\"><span class=\"elementor-countdown-digits elementor-countdown-seconds\"><\/span> <span class=\"elementor-countdown-label\">Seconds<\/span><\/div>\t\t<\/div>\n\t\t\t\t\t\t<\/div>\n\t\t\t\t<\/div>\n\t\t\t\t\t<\/div>\n\t\t<\/div>\n\t\t\t\t\t<\/div>\n\t\t<\/section>\n\t\t\t\t<section class=\"elementor-section elementor-top-section elementor-element elementor-element-31e3133 elementor-section-boxed elementor-section-height-default elementor-section-height-default\" data-id=\"31e3133\" data-element_type=\"section\" data-e-type=\"section\">\n\t\t\t\t\t\t<div class=\"elementor-container elementor-column-gap-default\">\n\t\t\t\t\t<div class=\"elementor-column elementor-col-33 elementor-top-column elementor-element elementor-element-b2d28ef\" data-id=\"b2d28ef\" data-element_type=\"column\" data-e-type=\"column\">\n\t\t\t<div class=\"elementor-widget-wrap\">\n\t\t\t\t\t\t\t<\/div>\n\t\t<\/div>\n\t\t\t\t<div class=\"elementor-column elementor-col-66 elementor-top-column elementor-element elementor-element-b6120a8\" data-id=\"b6120a8\" data-element_type=\"column\" data-e-type=\"column\">\n\t\t\t<div class=\"elementor-widget-wrap\">\n\t\t\t\t\t\t\t<\/div>\n\t\t<\/div>\n\t\t\t\t\t<\/div>\n\t\t<\/section>\n\t\t\t\t<section class=\"elementor-section elementor-top-section elementor-element elementor-element-a13fe41 elementor-section-boxed elementor-section-height-default elementor-section-height-default\" data-id=\"a13fe41\" data-element_type=\"section\" data-e-type=\"section\">\n\t\t\t\t\t\t<div class=\"elementor-container elementor-column-gap-default\">\n\t\t\t\t\t<div class=\"elementor-column elementor-col-33 elementor-top-column elementor-element elementor-element-3e7449c\" data-id=\"3e7449c\" data-element_type=\"column\" data-e-type=\"column\">\n\t\t\t<div class=\"elementor-widget-wrap elementor-element-populated\">\n\t\t\t\t\t\t<div class=\"elementor-element elementor-element-b65d488 elementor-widget elementor-widget-text-editor\" data-id=\"b65d488\" data-element_type=\"widget\" data-e-type=\"widget\" data-widget_type=\"text-editor.default\">\n\t\t\t\t<div class=\"elementor-widget-container\">\n\t\t\t\t\t\t\t\t\t<h3>Les t\u00e2ches classiques des b\u00e9n\u00e9voles du Kiwanis<\/h3><h3>Klassieke taken van de Kiwanis-vrijwilligers<\/h3><div>\u00a0<\/div><div>\u00a0<\/div><div>\u00a0<\/div><div>\u00a0<\/div><div>\u00a0<\/div><div>\u00a0<\/div><div>\u00a0<\/div><div>\u00a0<\/div><div>\u00a0<\/div><div>\u00a0<\/div><div>\u00a0<\/div><div>\u00a0<\/div><div>\u00a0<\/div><h6>Nieuw:<\/h6><h2><img decoding=\"async\" class=\"alignnone size-medium wp-image-174\" src=\"https:\/\/sob.kiwanis.be\/wp-content\/uploads\/2025\/03\/K-special-guest-lounge-300x80.png\" alt=\"\" width=\"300\" height=\"80\" srcset=\"https:\/\/sob.kiwanis.be\/wp-content\/uploads\/2025\/03\/K-special-guest-lounge-300x80.png 300w, https:\/\/sob.kiwanis.be\/wp-content\/uploads\/2025\/03\/K-special-guest-lounge-1024x271.png 1024w, https:\/\/sob.kiwanis.be\/wp-content\/uploads\/2025\/03\/K-special-guest-lounge-768x204.png 768w, https:\/\/sob.kiwanis.be\/wp-content\/uploads\/2025\/03\/K-special-guest-lounge.png 1200w\" sizes=\"(max-width: 300px) 100vw, 300px\" \/><\/h2><div>\u00a0<\/div><div>\u00a0<\/div><div>\u00a0<\/div><div>\u00a0<\/div><div>\u00a0<\/div><div>\u00a0<\/div><div>\u00a0<\/div><div>\u00a0<\/div><div><img decoding=\"async\" class=\"alignnone size-medium wp-image-180\" src=\"https:\/\/sob.kiwanis.be\/wp-content\/uploads\/2025\/03\/volunteer-300x74.png\" alt=\"\" width=\"300\" height=\"74\" srcset=\"https:\/\/sob.kiwanis.be\/wp-content\/uploads\/2025\/03\/volunteer-300x74.png 300w, https:\/\/sob.kiwanis.be\/wp-content\/uploads\/2025\/03\/volunteer.png 584w\" sizes=\"(max-width: 300px) 100vw, 300px\" \/><\/div><div>\u00a0<\/div><div>\u00a0<\/div><div>\u00a0<\/div><div>\u00a0<\/div><div>\u00a0<\/div><div>\u00a0<\/div><div>\u00a0<\/div><div>\u00a0<\/div><div>\u00a0<\/div><div>\u00a0<\/div><div>\u00a0<\/div><div>\u00a0<\/div><div>\u00a0<\/div>\t\t\t\t\t\t\t\t<\/div>\n\t\t\t\t<\/div>\n\t\t\t\t\t<\/div>\n\t\t<\/div>\n\t\t\t\t<div class=\"elementor-column elementor-col-66 elementor-top-column elementor-element elementor-element-3d95bce\" data-id=\"3d95bce\" data-element_type=\"column\" data-e-type=\"column\">\n\t\t\t<div class=\"elementor-widget-wrap elementor-element-populated\">\n\t\t\t\t\t\t<div class=\"elementor-element elementor-element-f00493c elementor-widget elementor-widget-text-editor\" data-id=\"f00493c\" data-element_type=\"widget\" data-e-type=\"widget\" data-widget_type=\"text-editor.default\">\n\t\t\t\t<div class=\"elementor-widget-container\">\n\t\t\t\t\t\t\t\t\t<p><strong>Voorlopig programma!!\u00a0\u00a0\u00a0\u00a0\u00a0\u00a0 Programme pr\u00e9liminaire !!!<\/strong><\/p><ul><li>De verantwoordelijken sturen binnenkort een inschrijvingsformulier naar de vrijwilligers die vorige jaar actief waren.<\/li><li>Les responsables enverront bient\u00f4t un formulaire d&#8217;inscription aux volontaires qui ont \u00e9t\u00e9 actifs l&#8217;ann\u00e9e derni\u00e8re.<\/li><\/ul><h3>\u00a0<\/h3><h5>Site Lange Munt:<\/h5><ul><li>Stand Boissons \/ Stand Dranken<\/li><li>Stand Desserts \/ Stand Desserts<\/li><li>Banque \/Bank<\/li><li>Volenteer Cente\u00a0<\/li><\/ul><h5>\u00a0<\/h5><h5>2de site<\/h5><ul><li>Friterie \/ Friettent<\/li><\/ul><div>\u00a0<\/div><div>\u00a0<\/div><div>\u00a0<\/div><div>\u00a0<\/div><p>But \/ doel:<\/p><div><ul><li>Accueillir les invit\u00e9s de Special Olympics Belgium<\/li><li>Accueil des familles des athl\u00e8tes participants afin qu&#8217;elles puissent profiter de l&#8217;\u00e9v\u00e9nement en toute tranquillit\u00e9.<\/li><li><b>Opportunit\u00e9 d&#8217;inviter les membres, les causes sociales, les entreprises, les sponsors, &#8230; <i>de votre club<\/i> \u00e0 faire connaissance avec le Kiwanis.<\/b><\/li><\/ul><\/div><div>\u00a0<\/div><ul><li>Onthaal van de gasten\/genodigden van Special Olympics Belgium<\/li><li>Onthaal van de famileies van de deelnemende atleten opdat ze in alle rust zouden kunnen genieten<\/li><li><i><b>Kans om de leden, de sociale doelen, bedrijven, sponsors, &#8230; van <\/b><\/i><b>uw club <\/b><i><b>uit te nodigen om kennis te make met Kiwanis. <\/b><\/i><\/li><\/ul><div>\u00a0<\/div><div>\u00a0<\/div><div>\u00a0<\/div><div>Bevoorrading en ontmoetingsplaats voor alle vrijwilligers.<br \/>Fourniture et lieu de rencontre pour tous les volontaires<\/div><div>\u00a0<\/div><div>\u00a0<\/div><div>\u00a0<\/div><div><h3><strong>De Nationale spelen kleuren Kiwanis!\u00a0<\/strong><\/h3><h3><strong>Les jeux nationaux colorent le Kiwanis !<\/strong><\/h3><p>Beverage * Desserts * Bank\/banque * Volunteers Corner *\u00a0Special Guest Lounge * Belgian Fries<\/p><\/div><div>\u00a0<\/div><div>\u00a0<\/div><div>\u00a0<\/div><div>\u00a0<\/div><div>\u00a0<\/div><div>\u00a0<\/div><div>\u00a0<\/div><div>\u00a0<\/div><div>\u00a0<\/div><div>\u00a0<\/div><div>\u00a0<\/div><div>\u00a0<\/div><div>\u00a0<\/div><div>\u00a0<\/div><div>\u00a0<\/div><div>\u00a0<\/div><div>\u00a0<\/div><div>\u00a0<\/div><div>\u00a0<\/div><div>\u00a0<\/div><div>\u00a0<\/div><div>\u00a0<\/div><div>\u00a0<\/div><div>\u00a0<\/div><div>\u00a0<\/div><div>\u00a0<\/div><div>\u00a0<\/div>\t\t\t\t\t\t\t\t<\/div>\n\t\t\t\t<\/div>\n\t\t\t\t\t<\/div>\n\t\t<\/div>\n\t\t\t\t\t<\/div>\n\t\t<\/section>\n\t\t\t\t<\/div>\n\t\t","protected":false},"excerpt":{"rendered":"<p>Les Jeux nationaux SOB se d\u00e9rouleront \u00e0 Courtrai du 28 mai (c\u00e9r\u00e9monie d&#8217;ouverture) au 31 mai 2025. De Nationale Spelen SOB hebben plaats te Kortrijk van 28 mei (Openingsceremonie)to en met 31 mei 2025. Days Hours Minutes Seconds Les t\u00e2ches classiques des b\u00e9n\u00e9voles du Kiwanis Klassieke taken van de Kiwanis-vrijwilligers \u00a0\u00a0\u00a0\u00a0\u00a0\u00a0\u00a0\u00a0\u00a0\u00a0\u00a0\u00a0\u00a0 Nieuw: \u00a0\u00a0\u00a0\u00a0\u00a0\u00a0\u00a0\u00a0\u00a0\u00a0\u00a0\u00a0\u00a0\u00a0\u00a0\u00a0\u00a0\u00a0\u00a0\u00a0\u00a0 Voorlopig programma!!\u00a0\u00a0\u00a0\u00a0\u00a0\u00a0&hellip;&nbsp;<a href=\"https:\/\/sob.kiwanis.be\/index.php\/kortrijk-2025\/\" rel=\"bookmark\">Lees meer &raquo;<span class=\"screen-reader-text\">Kortrijk 2025<\/span><\/a><\/p>\n","protected":false},"author":3,"featured_media":0,"parent":0,"menu_order":0,"comment_status":"closed","ping_status":"closed","template":"page-templates\/template-pagebuilder-full-width.php","meta":{"inline_featured_image":false,"neve_meta_sidebar":"","neve_meta_container":"","neve_meta_enable_content_width":"","neve_meta_content_width":0,"neve_meta_title_alignment":"","neve_meta_author_avatar":"","neve_post_elements_order":"","neve_meta_disable_header":"","neve_meta_disable_footer":"","neve_meta_disable_title":"","footnotes":""},"class_list":["post-83","page","type-page","status-publish","hentry"],"_links":{"self":[{"href":"https:\/\/sob.kiwanis.be\/index.php\/wp-json\/wp\/v2\/pages\/83","targetHints":{"allow":["GET"]}}],"collection":[{"href":"https:\/\/sob.kiwanis.be\/index.php\/wp-json\/wp\/v2\/pages"}],"about":[{"href":"https:\/\/sob.kiwanis.be\/index.php\/wp-json\/wp\/v2\/types\/page"}],"author":[{"embeddable":true,"href":"https:\/\/sob.kiwanis.be\/index.php\/wp-json\/wp\/v2\/users\/3"}],"replies":[{"embeddable":true,"href":"https:\/\/sob.kiwanis.be\/index.php\/wp-json\/wp\/v2\/comments?post=83"}],"version-history":[{"count":52,"href":"https:\/\/sob.kiwanis.be\/index.php\/wp-json\/wp\/v2\/pages\/83\/revisions"}],"predecessor-version":[{"id":192,"href":"https:\/\/sob.kiwanis.be\/index.php\/wp-json\/wp\/v2\/pages\/83\/revisions\/192"}],"wp:attachment":[{"href":"https:\/\/sob.kiwanis.be\/index.php\/wp-json\/wp\/v2\/media?parent=83"}],"curies":[{"name":"wp","href":"https:\/\/api.w.org\/{rel}","templated":true}]}}