{"id":88,"date":"2025-02-16T12:16:36","date_gmt":"2025-02-16T12:16:36","guid":{"rendered":"https:\/\/sob.kiwanis.be\/?page_id=88"},"modified":"2025-03-01T10:58:42","modified_gmt":"2025-03-01T10:58:42","slug":"vzw-kiwanis4sob-asbl","status":"publish","type":"page","link":"https:\/\/sob.kiwanis.be\/index.php\/vzw-kiwanis4sob-asbl\/","title":{"rendered":"vzw Kiwanis4SOB asbl"},"content":{"rendered":"\t\t<div data-elementor-type=\"wp-page\" data-elementor-id=\"88\" class=\"elementor elementor-88\" data-elementor-post-type=\"page\">\n\t\t\t\t\t\t<section class=\"elementor-section elementor-top-section elementor-element elementor-element-2aba816 elementor-section-boxed elementor-section-height-default elementor-section-height-default\" data-id=\"2aba816\" data-element_type=\"section\" data-e-type=\"section\">\n\t\t\t\t\t\t<div class=\"elementor-container elementor-column-gap-default\">\n\t\t\t\t\t<div class=\"elementor-column elementor-col-33 elementor-top-column elementor-element elementor-element-599c323\" data-id=\"599c323\" data-element_type=\"column\" data-e-type=\"column\">\n\t\t\t<div class=\"elementor-widget-wrap elementor-element-populated\">\n\t\t\t\t\t\t<div class=\"elementor-element elementor-element-f6b0e7d elementor-widget__width-initial elementor-widget elementor-widget-text-editor\" data-id=\"f6b0e7d\" data-element_type=\"widget\" data-e-type=\"widget\" data-widget_type=\"text-editor.default\">\n\t\t\t\t<div class=\"elementor-widget-container\">\n\t\t\t\t\t\t\t\t\t<h5>Doel \/ But:<\/h5><h5>\u00a0<\/h5><h5>\u00a0<\/h5><h5>Leden en Bestuur \/ <br \/>Les membres et le conseil d&#8217;administration<\/h5><div>\u00a0<\/div><div>\u00a0<\/div><div>\u00a0<\/div><div>\u00a0<\/div><div>\u00a0<\/div><div>\u00a0<\/div><div>\u00a0<\/div><div>\u00a0<\/div><div>\u00a0<\/div><div>\u00a0<\/div><div>\u00a0<\/div><div>\u00a0<\/div><h5>Wettelijke vermeldingen \/ Mentions l\u00e9gales<\/h5><div>\u00a0<\/div><div>\u00a0<\/div><div>\u00a0<\/div><div>\u00a0<\/div><div>\u00a0<\/div><div>\u00a0<\/div>\t\t\t\t\t\t\t\t<\/div>\n\t\t\t\t<\/div>\n\t\t\t\t\t<\/div>\n\t\t<\/div>\n\t\t\t\t<div class=\"elementor-column elementor-col-66 elementor-top-column elementor-element elementor-element-9971025\" data-id=\"9971025\" data-element_type=\"column\" data-e-type=\"column\">\n\t\t\t<div class=\"elementor-widget-wrap elementor-element-populated\">\n\t\t\t\t\t\t<div class=\"elementor-element elementor-element-ba23191 elementor-widget elementor-widget-text-editor\" data-id=\"ba23191\" data-element_type=\"widget\" data-e-type=\"widget\" data-widget_type=\"text-editor.default\">\n\t\t\t\t<div class=\"elementor-widget-container\">\n\t\t\t\t\t\t\t\t\t<ul><li>Kiwanis4SOB verzamelt geldt van de Kiwanis-clus en stort dit door aan SOB. Daardoor is Kiwans Bronze partner en dit verhoogt de visibiliteit op de Nationale Spelen<\/li><li>Kiwanis4SOB organiseert het vrijwilligerswerk van de Kiwaniclubs\/leden<\/li><li>Kiwanis4SOB collecte des fonds aupr\u00e8s des clubs Kiwanis et les transmet \u00e0 SOB. Cela fait de Kiwanis un partenaire de bronze et augmente sa visibilit\u00e9 aux Jeux nationaux.<\/li><li>Kiwanis4SOB organise le travail b\u00e9n\u00e9vole des clubs\/membres Kiwanis.<\/li><\/ul><div>\u00a0<\/div><div>\u00a0<\/div><ul><li>80% van de leden van vzw Kiwanis4SOB moeten lid zijn van Kiwanis Belux.<\/li><li>Leden: \u00e9\u00e9n afgevaardigde van elke Divisie van Kiwanis Belux<\/li><li>80% des membres de l&#8217;asbl Kiwanis4SOB doivent \u00eatre membres du Kiwanis Belux.<\/li><li>Membres : un d\u00e9l\u00e9gu\u00e9 de chaque division du Kiwanis Belux.<\/li><\/ul><h6>\u00a0<\/h6><h6>Bestuursorgaan \/\u00a0conseil d&#8217;administration<\/h6><ul><li>Martin Duflou, voorzitter \/pr\u00e9sident<\/li><li>Wim De Jonghe, vice-vorzitter \/ vice-pr\u00e9sident regio 1<\/li><li>Robert Elias; vice-voorzitter \/vice-pr\u00e9sident regio 2<\/li><li>Luc De Vreese, secretais \/secr\u00e9taire<\/li><li>Herman Eekhout\u00a0 penningmeester \/ tr\u00e9sorier<\/li><li>Alfredo Bonafede; operationeel co\u00f6rdinator vrijwilligers \/ coordinateur op\u00e9rationnel volontaires<\/li><\/ul><div>\u00a0<\/div><div>\u00a0<\/div><div>\u00a0<\/div><div>\u00a0<\/div><div><p>Administratieve zetel \/ Si\u00e8ge administratif \u2013 Leeuwergemstraat 23 \u2013 9620 Zottegem \u2013<\/p><p>GSM: 0495 52 85 15 &#8211;\u00a0 \u00a0Email\u00a0: kiwanis4SOB@kiwanis.be<\/p><p>Compte \/ rekening :\u00a0<\/p><p>NN: 1019.388.737\u00a0\u00a0 RPR: Brussel<\/p><p>Maatschappelijke zetel \/Si\u00e8ge social : Van der Meerschenlaan, 166b 1150 BRUSSEL<\/p><\/div><div>\u00a0<\/div><div>\u00a0<\/div><div>\u00a0<\/div>\t\t\t\t\t\t\t\t<\/div>\n\t\t\t\t<\/div>\n\t\t\t\t\t<\/div>\n\t\t<\/div>\n\t\t\t\t\t<\/div>\n\t\t<\/section>\n\t\t\t\t<\/div>\n\t\t","protected":false},"excerpt":{"rendered":"<p>Doel \/ But: \u00a0 \u00a0 Leden en Bestuur \/ Les membres et le conseil d&#8217;administration \u00a0\u00a0\u00a0\u00a0\u00a0\u00a0\u00a0\u00a0\u00a0\u00a0\u00a0\u00a0 Wettelijke vermeldingen \/ Mentions l\u00e9gales \u00a0\u00a0\u00a0\u00a0\u00a0\u00a0 Kiwanis4SOB verzamelt geldt van de Kiwanis-clus en stort dit door aan SOB. Daardoor is Kiwans Bronze partner en dit verhoogt de visibiliteit op de Nationale Spelen Kiwanis4SOB organiseert het vrijwilligerswerk van de Kiwaniclubs\/leden&hellip;&nbsp;<a href=\"https:\/\/sob.kiwanis.be\/index.php\/vzw-kiwanis4sob-asbl\/\" rel=\"bookmark\">Lees meer &raquo;<span class=\"screen-reader-text\">vzw Kiwanis4SOB asbl<\/span><\/a><\/p>\n","protected":false},"author":3,"featured_media":0,"parent":0,"menu_order":0,"comment_status":"closed","ping_status":"closed","template":"page-templates\/template-pagebuilder-full-width.php","meta":{"inline_featured_image":false,"neve_meta_sidebar":"","neve_meta_container":"","neve_meta_enable_content_width":"","neve_meta_content_width":0,"neve_meta_title_alignment":"","neve_meta_author_avatar":"","neve_post_elements_order":"","neve_meta_disable_header":"","neve_meta_disable_footer":"","neve_meta_disable_title":"","footnotes":""},"class_list":["post-88","page","type-page","status-publish","hentry"],"_links":{"self":[{"href":"https:\/\/sob.kiwanis.be\/index.php\/wp-json\/wp\/v2\/pages\/88","targetHints":{"allow":["GET"]}}],"collection":[{"href":"https:\/\/sob.kiwanis.be\/index.php\/wp-json\/wp\/v2\/pages"}],"about":[{"href":"https:\/\/sob.kiwanis.be\/index.php\/wp-json\/wp\/v2\/types\/page"}],"author":[{"embeddable":true,"href":"https:\/\/sob.kiwanis.be\/index.php\/wp-json\/wp\/v2\/users\/3"}],"replies":[{"embeddable":true,"href":"https:\/\/sob.kiwanis.be\/index.php\/wp-json\/wp\/v2\/comments?post=88"}],"version-history":[{"count":16,"href":"https:\/\/sob.kiwanis.be\/index.php\/wp-json\/wp\/v2\/pages\/88\/revisions"}],"predecessor-version":[{"id":173,"href":"https:\/\/sob.kiwanis.be\/index.php\/wp-json\/wp\/v2\/pages\/88\/revisions\/173"}],"wp:attachment":[{"href":"https:\/\/sob.kiwanis.be\/index.php\/wp-json\/wp\/v2\/media?parent=88"}],"curies":[{"name":"wp","href":"https:\/\/api.w.org\/{rel}","templated":true}]}}